{"id":1407,"date":"2026-02-19T14:35:24","date_gmt":"2026-02-19T14:35:24","guid":{"rendered":"https:\/\/rewe-wirt.de\/?page_id=1407"},"modified":"2026-02-19T14:56:04","modified_gmt":"2026-02-19T14:56:04","slug":"datenschutz","status":"publish","type":"page","link":"https:\/\/rewe-wirt.de\/de\/datenschutz\/","title":{"rendered":"datenschutz"},"content":{"rendered":"<div data-elementor-type=\"wp-page\" data-elementor-id=\"1407\" class=\"elementor elementor-1407\" data-elementor-post-type=\"page\">\n\t\t\t\t<div class=\"elementor-element elementor-element-50bbbb3 e-flex e-con-boxed e-con e-parent\" data-id=\"50bbbb3\" data-element_type=\"container\" data-e-type=\"container\">\n\t\t\t\t\t<div class=\"e-con-inner\">\n\t\t<div class=\"elementor-element elementor-element-9409964 e-con-full e-flex e-con e-child\" data-id=\"9409964\" data-element_type=\"container\" data-e-type=\"container\">\n\t\t\t\t<div class=\"elementor-element elementor-element-e717cb4 elementor-widget elementor-widget-heading\" data-id=\"e717cb4\" data-element_type=\"widget\" data-e-type=\"widget\" data-widget_type=\"heading.default\">\n\t\t\t\t\t<h2 class=\"elementor-heading-title elementor-size-default\">Datenschutzerkl\u00e4rung<\/h2>\t\t\t\t<\/div>\n\t\t\t\t<div class=\"elementor-element elementor-element-98fbc39 elementor-widget elementor-widget-heading\" data-id=\"98fbc39\" data-element_type=\"widget\" data-e-type=\"widget\" data-widget_type=\"heading.default\">\n\t\t\t\t\t<h2 class=\"elementor-heading-title elementor-size-default\">1. Verantwortlicher<\/h2>\t\t\t\t<\/div>\n\t\t\t\t<div class=\"elementor-element elementor-element-9a94225 elementor-widget elementor-widget-text-editor\" data-id=\"9a94225\" data-element_type=\"widget\" data-e-type=\"widget\" data-widget_type=\"text-editor.default\">\n\t\t\t\t\t\t\t\t\t<p data-start=\"391\" data-end=\"455\">Verantwortlich f\u00fcr die Datenverarbeitung auf dieser Website ist:<\/p><p data-start=\"457\" data-end=\"535\">REWE Thomas Wirt oHG<br data-start=\"477\" data-end=\"480\" \/>Oerlinghauser Str. 10<br data-start=\"501\" data-end=\"504\" \/>33699 Bielefeld<br data-start=\"519\" data-end=\"522\" \/>Deutschland<\/p><p data-start=\"537\" data-end=\"602\">Telefon: 0521 20899818<br data-start=\"559\" data-end=\"562\" \/>E-Mail: <a class=\"decorated-link cursor-pointer\" rel=\"noopener\" data-start=\"570\" data-end=\"600\">thomas.wirt@rewe-kaufleute.com<\/a><\/p>\t\t\t\t\t\t\t\t<\/div>\n\t\t\t\t<div class=\"elementor-element elementor-element-2b9025c elementor-widget elementor-widget-heading\" data-id=\"2b9025c\" data-element_type=\"widget\" data-e-type=\"widget\" data-widget_type=\"heading.default\">\n\t\t\t\t\t<h2 class=\"elementor-heading-title elementor-size-default\">2. Allgemeine Hinweise zur Datenverarbeitung<\/h2>\t\t\t\t<\/div>\n\t\t\t\t<div class=\"elementor-element elementor-element-5b56438 elementor-widget elementor-widget-text-editor\" data-id=\"5b56438\" data-element_type=\"widget\" data-e-type=\"widget\" data-widget_type=\"text-editor.default\">\n\t\t\t\t\t\t\t\t\t<p data-start=\"660\" data-end=\"837\">Wir verarbeiten personenbezogene Daten ausschlie\u00dflich im Rahmen der gesetzlichen Bestimmungen der Datenschutz-Grundverordnung (DSGVO) sowie des Bundesdatenschutzgesetzes (BDSG).<\/p><p data-start=\"839\" data-end=\"932\">Personenbezogene Daten sind alle Daten, mit denen Sie pers\u00f6nlich identifiziert werden k\u00f6nnen.<\/p>\t\t\t\t\t\t\t\t<\/div>\n\t\t\t\t<div class=\"elementor-element elementor-element-5356654 elementor-widget elementor-widget-heading\" data-id=\"5356654\" data-element_type=\"widget\" data-e-type=\"widget\" data-widget_type=\"heading.default\">\n\t\t\t\t\t<h2 class=\"elementor-heading-title elementor-size-default\">3. Server-Log-Dateien<\/h2>\t\t\t\t<\/div>\n\t\t\t\t<div class=\"elementor-element elementor-element-0ca29d1 elementor-widget elementor-widget-text-editor\" data-id=\"0ca29d1\" data-element_type=\"widget\" data-e-type=\"widget\" data-widget_type=\"text-editor.default\">\n\t\t\t\t\t\t\t\t\t<p data-start=\"145\" data-end=\"227\">Beim Besuch dieser Website werden automatisch Informationen durch den Hosting-Anbieter erfasst (z. B. Browsertyp, Betriebssystem, Uhrzeit des Zugriffs, IP-Adresse).<br data-start=\"1131\" data-end=\"1134\" \/>Diese Daten dienen ausschlie\u00dflich der technischen Bereitstellung und Sicherheit der Website.<\/p>\t\t\t\t\t\t\t\t<\/div>\n\t\t\t\t<div class=\"elementor-element elementor-element-524daf1 elementor-widget elementor-widget-heading\" data-id=\"524daf1\" data-element_type=\"widget\" data-e-type=\"widget\" data-widget_type=\"heading.default\">\n\t\t\t\t\t<h2 class=\"elementor-heading-title elementor-size-default\">4. Kontaktformular<\/h2>\t\t\t\t<\/div>\n\t\t\t\t<div class=\"elementor-element elementor-element-b446cae elementor-widget elementor-widget-text-editor\" data-id=\"b446cae\" data-element_type=\"widget\" data-e-type=\"widget\" data-widget_type=\"text-editor.default\">\n\t\t\t\t\t\t\t\t\t<p data-start=\"1258\" data-end=\"1497\">Wenn Sie uns \u00fcber das Kontaktformular Anfragen senden, werden Ihre Angaben inklusive der von Ihnen angegebenen Kontaktdaten zur Bearbeitung Ihrer Anfrage gespeichert.<br data-start=\"1424\" data-end=\"1427\" \/>Die Verarbeitung erfolgt auf Grundlage von Art. 6 Abs. 1 lit. b DSGVO.<\/p><p data-start=\"1499\" data-end=\"1560\">Ihre Daten werden nicht ohne Ihre Einwilligung weitergegeben.<\/p>\t\t\t\t\t\t\t\t<\/div>\n\t\t\t\t<div class=\"elementor-element elementor-element-23916f8 elementor-widget elementor-widget-heading\" data-id=\"23916f8\" data-element_type=\"widget\" data-e-type=\"widget\" data-widget_type=\"heading.default\">\n\t\t\t\t\t<h2 class=\"elementor-heading-title elementor-size-default\">5. WhatsApp-Kommunikation (falls angeboten)<\/h2>\t\t\t\t<\/div>\n\t\t\t\t<div class=\"elementor-element elementor-element-6dca560 elementor-widget elementor-widget-text-editor\" data-id=\"6dca560\" data-element_type=\"widget\" data-e-type=\"widget\" data-widget_type=\"text-editor.default\">\n\t\t\t\t\t\t\t\t\t<p data-start=\"1617\" data-end=\"1809\">Wenn Sie uns \u00fcber WhatsApp kontaktieren, erfolgt die Kommunikation \u00fcber den Dienst WhatsApp Ireland Limited.<br data-start=\"1725\" data-end=\"1728\" \/>Dabei k\u00f6nnen personenbezogene Daten an Server au\u00dferhalb der EU \u00fcbertragen werden.<\/p><p data-start=\"1811\" data-end=\"1906\">Die Nutzung erfolgt freiwillig. Alternativ k\u00f6nnen Sie uns per Telefon oder E-Mail kontaktieren.<\/p>\t\t\t\t\t\t\t\t<\/div>\n\t\t\t\t<div class=\"elementor-element elementor-element-1a31459 elementor-widget elementor-widget-heading\" data-id=\"1a31459\" data-element_type=\"widget\" data-e-type=\"widget\" data-widget_type=\"heading.default\">\n\t\t\t\t\t<h2 class=\"elementor-heading-title elementor-size-default\">6. Google Maps<\/h2>\t\t\t\t<\/div>\n\t\t\t\t<div class=\"elementor-element elementor-element-da76a01 elementor-widget elementor-widget-text-editor\" data-id=\"da76a01\" data-element_type=\"widget\" data-e-type=\"widget\" data-widget_type=\"text-editor.default\">\n\t\t\t\t\t\t\t\t\t<p data-start=\"1934\" data-end=\"2043\">Diese Website verwendet Google Maps zur Darstellung unseres Standorts.<br data-start=\"2004\" data-end=\"2007\" \/>Anbieter ist Google Ireland Limited.<\/p><p data-start=\"2045\" data-end=\"2189\">Bei Nutzung von Google Maps k\u00f6nnen Daten an Google \u00fcbertragen werden.<br data-start=\"2114\" data-end=\"2117\" \/>Weitere Informationen finden Sie in der Datenschutzerkl\u00e4rung von Google.<\/p>\t\t\t\t\t\t\t\t<\/div>\n\t\t\t\t<div class=\"elementor-element elementor-element-06c81e4 elementor-widget elementor-widget-heading\" data-id=\"06c81e4\" data-element_type=\"widget\" data-e-type=\"widget\" data-widget_type=\"heading.default\">\n\t\t\t\t\t<h2 class=\"elementor-heading-title elementor-size-default\">7. Social Media Links<\/h2>\t\t\t\t<\/div>\n\t\t\t\t<div class=\"elementor-element elementor-element-8503992 elementor-widget elementor-widget-text-editor\" data-id=\"8503992\" data-element_type=\"widget\" data-e-type=\"widget\" data-widget_type=\"text-editor.default\">\n\t\t\t\t\t\t\t\t\t<p data-start=\"2224\" data-end=\"2476\">Unsere Website enth\u00e4lt Links zu sozialen Netzwerken (z. B. Instagram, Facebook).<br data-start=\"2304\" data-end=\"2307\" \/>Beim Anklicken der Links werden Sie auf die jeweilige Plattform weitergeleitet.<br data-start=\"2386\" data-end=\"2389\" \/>Es findet keine automatische Daten\u00fcbertragung beim blo\u00dfen Besuch unserer Website statt.<\/p>\t\t\t\t\t\t\t\t<\/div>\n\t\t\t\t<div class=\"elementor-element elementor-element-2bb50be elementor-widget elementor-widget-heading\" data-id=\"2bb50be\" data-element_type=\"widget\" data-e-type=\"widget\" data-widget_type=\"heading.default\">\n\t\t\t\t\t<h2 class=\"elementor-heading-title elementor-size-default\">8. Ihre Rechte<\/h2>\t\t\t\t<\/div>\n\t\t\t\t<div class=\"elementor-element elementor-element-fb003c1 elementor-widget elementor-widget-text-editor\" data-id=\"fb003c1\" data-element_type=\"widget\" data-e-type=\"widget\" data-widget_type=\"text-editor.default\">\n\t\t\t\t\t\t\t\t\t<p data-start=\"2504\" data-end=\"2538\">Sie haben jederzeit das Recht auf:<\/p><ul><li>Auskunft gem\u00e4\u00df Art. 15 DSGVO<\/li><li>Berichtigung gem\u00e4\u00df Art. 16 DSGVO<\/li><li>L\u00f6schung gem\u00e4\u00df Art. 17 DSGVO<\/li><li>Einschr\u00e4nkung der Verarbeitung gem\u00e4\u00df Art. 18 DSGVO<\/li><li>Widerspruch gem\u00e4\u00df Art. 21 DSGVO<\/li><\/ul><p data-start=\"2735\" data-end=\"2823\">Sie haben au\u00dferdem das Recht, sich bei einer Datenschutz-Aufsichtsbeh\u00f6rde zu beschweren.<\/p>\t\t\t\t\t\t\t\t<\/div>\n\t\t\t\t<div class=\"elementor-element elementor-element-6be5ed2 elementor-widget elementor-widget-heading\" data-id=\"6be5ed2\" data-element_type=\"widget\" data-e-type=\"widget\" data-widget_type=\"heading.default\">\n\t\t\t\t\t<h2 class=\"elementor-heading-title elementor-size-default\">9. Speicherdauer<\/h2>\t\t\t\t<\/div>\n\t\t\t\t<div class=\"elementor-element elementor-element-f405b45 elementor-widget elementor-widget-text-editor\" data-id=\"f405b45\" data-element_type=\"widget\" data-e-type=\"widget\" data-widget_type=\"text-editor.default\">\n\t\t\t\t\t\t\t\t\t<p data-start=\"2224\" data-end=\"2476\">Personenbezogene Daten werden nur so lange gespeichert, wie dies zur Erf\u00fcllung des jeweiligen Zwecks erforderlich ist oder gesetzliche Aufbewahrungsfristen bestehen.<\/p>\t\t\t\t\t\t\t\t<\/div>\n\t\t\t\t<div class=\"elementor-element elementor-element-8b5bd82 elementor-widget elementor-widget-heading\" data-id=\"8b5bd82\" data-element_type=\"widget\" data-e-type=\"widget\" data-widget_type=\"heading.default\">\n\t\t\t\t\t<h2 class=\"elementor-heading-title elementor-size-default\">10. SSL-Verschl\u00fcsselung<\/h2>\t\t\t\t<\/div>\n\t\t\t\t<div class=\"elementor-element elementor-element-d0a670d elementor-widget elementor-widget-text-editor\" data-id=\"d0a670d\" data-element_type=\"widget\" data-e-type=\"widget\" data-widget_type=\"text-editor.default\">\n\t\t\t\t\t\t\t\t\t<p data-start=\"2224\" data-end=\"2476\">Diese Website nutzt aus Sicherheitsgr\u00fcnden eine SSL-Verschl\u00fcsselung, um vertrauliche Inhalte zu sch\u00fctzen.<\/p>\t\t\t\t\t\t\t\t<\/div>\n\t\t\t\t<\/div>\n\t\t\t\t\t<\/div>\n\t\t\t\t<\/div>\n\t\t\t\t<\/div>","protected":false},"excerpt":{"rendered":"<p>Datenschutzerkl\u00e4rung 1. Verantwortlicher Verantwortlich f\u00fcr die Datenverarbeitung auf dieser Website ist: REWE Thomas Wirt oHGOerlinghauser Str. 1033699 BielefeldDeutschland Telefon: 0521 [&hellip;]<\/p>\n","protected":false},"author":1,"featured_media":0,"parent":0,"menu_order":0,"comment_status":"closed","ping_status":"closed","template":"elementor_header_footer","meta":{"site-sidebar-layout":"no-sidebar","site-content-layout":"","ast-site-content-layout":"full-width-container","site-content-style":"default","site-sidebar-style":"default","ast-global-header-display":"","ast-banner-title-visibility":"","ast-main-header-display":"","ast-hfb-above-header-display":"","ast-hfb-below-header-display":"","ast-hfb-mobile-header-display":"","site-post-title":"","ast-breadcrumbs-content":"","ast-featured-img":"disabled","footer-sml-layout":"","ast-disable-related-posts":"","theme-transparent-header-meta":"","adv-header-id-meta":"","stick-header-meta":"","header-above-stick-meta":"","header-main-stick-meta":"","header-below-stick-meta":"","astra-migrate-meta-layouts":"default","ast-page-background-enabled":"default","ast-page-background-meta":{"desktop":{"background-color":"var(--ast-global-color-5)","background-image":"","background-repeat":"repeat","background-position":"center center","background-size":"auto","background-attachment":"scroll","background-type":"","background-media":"","overlay-type":"","overlay-color":"","overlay-opacity":"","overlay-gradient":""},"tablet":{"background-color":"","background-image":"","background-repeat":"repeat","background-position":"center center","background-size":"auto","background-attachment":"scroll","background-type":"","background-media":"","overlay-type":"","overlay-color":"","overlay-opacity":"","overlay-gradient":""},"mobile":{"background-color":"","background-image":"","background-repeat":"repeat","background-position":"center center","background-size":"auto","background-attachment":"scroll","background-type":"","background-media":"","overlay-type":"","overlay-color":"","overlay-opacity":"","overlay-gradient":""}},"ast-content-background-meta":{"desktop":{"background-color":"var(--ast-global-color-4)","background-image":"","background-repeat":"repeat","background-position":"center center","background-size":"auto","background-attachment":"scroll","background-type":"","background-media":"","overlay-type":"","overlay-color":"","overlay-opacity":"","overlay-gradient":""},"tablet":{"background-color":"var(--ast-global-color-4)","background-image":"","background-repeat":"repeat","background-position":"center center","background-size":"auto","background-attachment":"scroll","background-type":"","background-media":"","overlay-type":"","overlay-color":"","overlay-opacity":"","overlay-gradient":""},"mobile":{"background-color":"var(--ast-global-color-4)","background-image":"","background-repeat":"repeat","background-position":"center center","background-size":"auto","background-attachment":"scroll","background-type":"","background-media":"","overlay-type":"","overlay-color":"","overlay-opacity":"","overlay-gradient":""}},"footnotes":""},"class_list":["post-1407","page","type-page","status-publish","hentry"],"_links":{"self":[{"href":"https:\/\/rewe-wirt.de\/de\/wp-json\/wp\/v2\/pages\/1407","targetHints":{"allow":["GET"]}}],"collection":[{"href":"https:\/\/rewe-wirt.de\/de\/wp-json\/wp\/v2\/pages"}],"about":[{"href":"https:\/\/rewe-wirt.de\/de\/wp-json\/wp\/v2\/types\/page"}],"author":[{"embeddable":true,"href":"https:\/\/rewe-wirt.de\/de\/wp-json\/wp\/v2\/users\/1"}],"replies":[{"embeddable":true,"href":"https:\/\/rewe-wirt.de\/de\/wp-json\/wp\/v2\/comments?post=1407"}],"version-history":[{"count":4,"href":"https:\/\/rewe-wirt.de\/de\/wp-json\/wp\/v2\/pages\/1407\/revisions"}],"predecessor-version":[{"id":1425,"href":"https:\/\/rewe-wirt.de\/de\/wp-json\/wp\/v2\/pages\/1407\/revisions\/1425"}],"wp:attachment":[{"href":"https:\/\/rewe-wirt.de\/de\/wp-json\/wp\/v2\/media?parent=1407"}],"curies":[{"name":"wp","href":"https:\/\/api.w.org\/{rel}","templated":true}]}}